{"id":5454,"date":"2017-11-17T15:18:19","date_gmt":"2017-11-17T15:18:19","guid":{"rendered":"http:\/\/demo.catanisthemes.com\/onelove\/sample\/?page_id=5454"},"modified":"2022-05-13T11:55:09","modified_gmt":"2022-05-13T09:55:09","slug":"home-wedding-anniversary","status":"publish","type":"page","link":"https:\/\/pozivnice.prestigeline.hr\/ivona-jan\/","title":{"rendered":"Ivona i Jan"},"content":{"rendered":"<section class=\"cata-section cata-section-fullwidth cata-fullwidth has-animation ipad-margin-top-0px mobile-margin-top-0px\" id=\"section_k9udafqbzv\" style=\"\" data-animation-type=\"fadeInUp\" data-animation-duration=\"700\" data-animation-delay=\"0\"><div class=\"cata-row cata-columns-gap-30\"><div class=\"cata-column wpb_column vc_column_container text-left has-animation  col-xs-mobile-fullwidth col-sm-12\" data-animation-type=\"slideInLeft\" data-animation-duration=\"700\" data-animation-delay=\"0\" id=\"column_uujoytairh\" style=\"\"><div class=\"cata-column-wrapper vc-column-innner-wrapper\" style=\"\">\t    <div id=\"cata_center_slider_c78nndp5bt\" class=\"cata-center-slider cata-slick-slider clearfix w-padding effect-grayscale dots-line\" >\r\n\t        <div class=\"content-slider-container\">\r\n\t            <ul class=\"slides\" data-slick='{\"centerMode\":true,\"centerPadding\":\"20%\",\"autoplay\":true,\"autoplaySpeed\":2000,\"slidesToShow\":1,\"slidesToScroll\":1,\"dots\":false,\"arrows\":true,\"infinite\":true,\"draggable\":true,\"speed\":300,\"rtl\":false,\"adaptiveHeight\":true,\"responsive\":[{\"breakpoint\":1024,\"settings\":{\"centerPadding\":\"30px\",\"slidesToShow\":1}},{\"breakpoint\":768,\"settings\":{\"centerPadding\":\"20px\",\"slidesToShow\":1}},{\"breakpoint\":480,\"settings\":{\"centerPadding\":\"10px\",\"slidesToShow\":1}}]}'>\r\n\t              \t\t\t<li class=\"cata-item\">\r\n        \t<div>\r\n\t        \t<div class=\"image-wrap\">\r\n\t\t\t\t\t<img decoding=\"async\" src=\"https:\/\/pozivnice.prestigeline.hr\/ivona-jan\/wp-content\/uploads\/sites\/144\/2022\/05\/DSC09863-987x658.jpg\" alt=\"\" \/>\r\n\t\t\t\t\t<span class=\"bgoverlay\"><\/span>\r\n\t\t\t\t<\/div>\r\n                        \r\n                <div class=\"ctent-wrap\">\r\n                \t<div class=\"cata-bounceIn\">\r\n                        \t\r\n\t                                            \r\n\t\t                                        \r\n                        \t            \t<\/div>\r\n            \t<\/div>\r\n        \t<\/div>\r\n\t\t<\/li>\r\n\t    \t\t<li class=\"cata-item\">\r\n        \t<div>\r\n\t        \t<div class=\"image-wrap\">\r\n\t\t\t\t\t<img decoding=\"async\" src=\"https:\/\/pozivnice.prestigeline.hr\/ivona-jan\/wp-content\/uploads\/sites\/144\/2022\/05\/IMG_48051-988x658.jpg\" alt=\"\" \/>\r\n\t\t\t\t\t<span class=\"bgoverlay\"><\/span>\r\n\t\t\t\t<\/div>\r\n                        \r\n                <div class=\"ctent-wrap\">\r\n                \t<div class=\"cata-fadeInLeft\">\r\n                        \t\r\n\t                                            \r\n\t\t                                        \r\n                        \t            \t<\/div>\r\n            \t<\/div>\r\n        \t<\/div>\r\n\t\t<\/li>\r\n\t    \t\t<li class=\"cata-item\">\r\n        \t<div>\r\n\t        \t<div class=\"image-wrap\">\r\n\t\t\t\t\t<img decoding=\"async\" src=\"https:\/\/pozivnice.prestigeline.hr\/ivona-jan\/wp-content\/uploads\/sites\/144\/2022\/05\/IMG_4805-988x658.jpg\" alt=\"\" \/>\r\n\t\t\t\t\t<span class=\"bgoverlay\"><\/span>\r\n\t\t\t\t<\/div>\r\n                        \r\n                <div class=\"ctent-wrap\">\r\n                \t<div class=\"cata-fadeInLeft\">\r\n                        \t\r\n\t                                            \r\n\t\t                                        \r\n                        \t            \t<\/div>\r\n            \t<\/div>\r\n        \t<\/div>\r\n\t\t<\/li>\r\n\t    \t            <\/ul>\r\n\t        <\/div>\r\n\t    <\/div>\r\n\t    <\/div><\/div><\/div><\/section><section class=\"cata-section cata-section-container-stretch row-full-height row-columns-middle cata-row-flex\" id=\"section_knphotflc8\" style=\" margin-top:-10%; margin-bottom:0;\" ><div class=\"cata-container\"><div class=\"cata-row cata-columns-gap-30\"><div class=\"cata-column wpb_column vc_column_container  col-xs-mobile-fullwidth col-sm-12\"  id=\"column_tfe7wycv1n\" style=\"\"><div class=\"cata-column-wrapper vc-column-innner-wrapper\" style=\"\"><div id=\"cata_custom_heading_f40pf52qjb\" class=\"cata-custom-heading cata-element \" ><h2 style=\"font-family:Allura; font-weight:400; font-style:normal; font-size: 170px; text-align:center;color: #000000; line-height: 170px; \" class=\"ipad-fontsize-120px mobile-fontsize-50px\">Ivona &amp; Jan<\/h2><\/div><div id=\"cata_custom_heading_kk1q7plwfv\" class=\"cata-custom-heading cata-element \" ><h2 style=\"font-family:ABeeZee; font-weight:400; font-style:normal; font-size: 26px; text-align:center;color: #808080; line-height: 36px; \" class=\"ipad-fontsize-50px mobile-fontsize-16px\">Pozivamo Vas da budete dio na\u0161eg velikog dana 02.07.2022.<br \/>\ni da zajedno s nama proslavite po\u010detak na\u0161e bra\u010dne pustolovine.<\/h2><\/div><div id=\"cata_empty_space_4nj3r\" class=\"cata-empty-space cata-element\" style=\"height: 60px\" ><\/div><div id=\"cata_countdown_yuyko73zmb\" class=\"cata-countdown cata-element cata-style1 \" >\t<div class=\"cata-countdown-content\" data-date=\"2022\/6\/02\/0\/0\"> <\/div><\/div><\/div><\/div><\/div><\/div><\/section><section class=\"cata-section cata-section-container-stretch cata-parallax-bg\" id=\"section_kaj8p3cuzw\" data-prlx-speed=\"0.1\" style=\" padding-top:350px; padding-bottom:350px; margin-bottom:0;background-image: url(https:\/\/pozivnice.prestigeline.hr\/ivona-jan\/wp-content\/uploads\/sites\/144\/2022\/05\/DSC09729-scaled.jpg);background-repeat: no-repeat;background-size: cover;background-position: center center;\" ><div class=\"cata-container\"><div class=\"cata-row cata-columns-gap-30\"><div class=\"cata-column wpb_column vc_column_container  col-xs-mobile-fullwidth col-sm-12\"  id=\"column_9pm1ga8vhf\" style=\"\"><div class=\"cata-column-wrapper vc-column-innner-wrapper\" style=\"\"><\/div><\/div><\/div><\/div><\/section><section class=\"cata-section cata-section-container-stretch\" id=\"section_mff2rm97e9\" style=\" padding-top:80px; padding-bottom:80px;background-color:#fff6f7;\" ><div class=\"cata-container\"><div class=\"cata-row cata-columns-gap-30\"><div class=\"cata-column wpb_column vc_column_container  col-xs-mobile-fullwidth col-sm-12\"  id=\"column_bebc2c7x1v\" style=\"\"><div class=\"cata-column-wrapper vc-column-innner-wrapper\" style=\"\">[vc_tta_tabs main_style=&#8221;style-icon&#8221; alignment=&#8221;center&#8221; active_section=&#8221;1&#8243;][vc_tta_section i_icon_ti=&#8221;flaticon-curtains&#8221; add_icon=&#8221;true&#8221; title=&#8221;Okupljanje&#8221; tab_id=&#8221;1510327704306-24464598-cadf&#8221;]<div id=\"cata_custom_heading_x03cuac3gq\" class=\"cata-custom-heading cata-element  vc_custom_1585175987400 has-animation\" data-animation-type=\"slideInUp\" data-animation-duration=\"700\" data-animation-delay=\"0\"><h2 style=\"font-family:ABeeZee; font-weight:400; font-style:normal; font-size: 24px; text-align:center;color: #1a1a1a; line-height: 34px; \" class=\"\">Okupljanje<\/h2><\/div><div id=\"cata_empty_space_1w50d\" class=\"cata-empty-space cata-element\" style=\"height: 10px\" ><\/div><div class=\"cata-text-column cata-element  vc_custom_1652435248588 color-dark has-animation\" data-animation-type=\"slideInUp\" data-animation-duration=\"700\" data-animation-delay=\"40\">\r\n\t\t\t\t\t<div class=\"text_wrapper\"><p style=\"text-align: center;\">14:00 h<br \/>\nOkupljanje kod mlado\u017eenje<br \/>\n( Ulica Vladimira Nazora 22, Lopatinec)<\/p>\n<p style=\"text-align: center;\">14:30 h<br \/>\nOkupljanje kod mlade<br \/>\n(Konoplji\u0161\u0107e 2a, Prelog)<\/p>\n<\/div>\r\n\t\t\t\t<\/div><div id=\"cata_empty_space_rec8m\" class=\"cata-empty-space cata-element\" style=\"height: 20px\" ><\/div><div class=\"cata-text-column cata-element  vc_custom_1652291340602 color-dark has-animation\" data-animation-type=\"slideInUp\" data-animation-duration=\"700\" data-animation-delay=\"70\">\r\n\t\t\t\t\t<div class=\"text_wrapper\"><\/div>\r\n\t\t\t\t<\/div>[\/vc_tta_section][vc_tta_section i_icon_ti=&#8221;flaticon-church&#8221; add_icon=&#8221;true&#8221; title=&#8221;Ceremonija&#8221; tab_id=&#8221;1510327704328-adc9037f-e4eb&#8221;]<div id=\"cata_custom_heading_zqah2y15kx\" class=\"cata-custom-heading cata-element  vc_custom_1585176012899 has-animation\" data-animation-type=\"slideInUp\" data-animation-duration=\"700\" data-animation-delay=\"0\"><h2 style=\"font-family:ABeeZee; font-weight:400; font-style:normal; font-size: 24px; text-align:center;color: #1a1a1a; line-height: 34px; \" class=\"\">Ceremonija<\/h2><\/div><div id=\"cata_empty_space_0ezt7\" class=\"cata-empty-space cata-element\" style=\"height: 10px\" ><\/div><div class=\"cata-text-column cata-element  vc_custom_1652291394320 color-dark has-animation\" data-animation-type=\"slideInUp\" data-animation-duration=\"700\" data-animation-delay=\"40\">\r\n\t\t\t\t\t<div class=\"text_wrapper\"><div id=\"m_-5577297916643868749gmail-cata_empty_space_xnvx1\" style=\"text-align: center;\">17:00 h<br \/>\nSve\u010dana ceremonija \u0107e se odr\u017eati<br \/>\nu crkvi sv. Jakoba u Prelogu.<\/div>\n<div style=\"text-align: center;\">(17:00 &#8211; 17:30)<\/div>\n<\/div>\r\n\t\t\t\t<\/div><div id=\"cata_empty_space_n5xl0\" class=\"cata-empty-space cata-element\" style=\"height: 20px\" ><\/div><div class=\"cata-text-column cata-element  vc_custom_1652291399682 color-dark has-animation\" data-animation-type=\"slideInUp\" data-animation-duration=\"700\" data-animation-delay=\"70\">\r\n\t\t\t\t\t<div class=\"text_wrapper\"><\/div>\r\n\t\t\t\t<\/div>[\/vc_tta_section][vc_tta_section i_icon_ti=&#8221;flaticon-drink&#8221; add_icon=&#8221;true&#8221; title=&#8221;Svadbena ve\u010dera&#8221; tab_id=&#8221;1510327832685-cf7bbb63-df23&#8243;]<div id=\"cata_custom_heading_lchmho82ko\" class=\"cata-custom-heading cata-element  vc_custom_1585176038809 has-animation\" data-animation-type=\"slideInUp\" data-animation-duration=\"700\" data-animation-delay=\"0\"><h2 style=\"font-family:ABeeZee; font-weight:400; font-style:normal; font-size: 24px; text-align:center;color: #1a1a1a; line-height: 34px; \" class=\"\">Svadbena ve\u010dera<\/h2><\/div><div id=\"cata_empty_space_ps1dw\" class=\"cata-empty-space cata-element\" style=\"height: 10px\" ><\/div><div class=\"cata-text-column cata-element  vc_custom_1652291431253 color-dark has-animation\" data-animation-type=\"slideInUp\" data-animation-duration=\"700\" data-animation-delay=\"40\">\r\n\t\t\t\t\t<div class=\"text_wrapper\"><p style=\"text-align: center;\">20:00 h<br \/>\nSvadbena ve\u010dera odr\u017eat \u0107e se u<br \/>\nrestoranu Me\u0111imurski dvori u Lopatincu<\/p>\n<\/div>\r\n\t\t\t\t<\/div><div id=\"cata_empty_space_us28z\" class=\"cata-empty-space cata-element\" style=\"height: 20px\" ><\/div><div class=\"cata-text-column cata-element  vc_custom_1652291435623 color-dark has-animation\" data-animation-type=\"slideInUp\" data-animation-duration=\"700\" data-animation-delay=\"70\">\r\n\t\t\t\t\t<div class=\"text_wrapper\"><\/div>\r\n\t\t\t\t<\/div>[\/vc_tta_section][\/vc_tta_tabs]<\/div><\/div><\/div><\/div><\/section><div class=\"cata-container\"><section class=\"cata-section cata-section-container has-animation ipad-padding-right-30px ipad-padding-left-30px\" id=\"section_az8f47s9w2\" style=\" padding-right:12%; padding-left:12%; margin-top:73px; margin-bottom:50px;\" data-animation-type=\"fadeInUp\" data-animation-duration=\"700\" data-animation-delay=\"0\"><div class=\"cata-row cata-columns-gap-30\"><div class=\"cata-column wpb_column vc_column_container  col-xs-mobile-fullwidth col-sm-12\"  id=\"column_lpbtxfglb4\" style=\"\"><div class=\"cata-column-wrapper vc-column-innner-wrapper\" style=\"\"><div id=\"cata_custom_heading_d28rrrkycw\" class=\"cata-custom-heading cata-element  vc_custom_1652435343327 has-animation\" data-animation-type=\"slideInUp\" data-animation-duration=\"700\" data-animation-delay=\"0\"><h2 style=\"font-family:Allura; font-weight:400; font-style:normal; font-size: 50px; text-align:center;color: #1a1a1a; line-height: 42px; \" class=\"\">All you need is love. Love is all you need.<\/h2><\/div><div id=\"cata_custom_heading_8tjpy6zsz6\" class=\"cata-custom-heading cata-element  vc_custom_1652435563244 has-animation\" data-animation-type=\"slideInUp\" data-animation-duration=\"700\" data-animation-delay=\"0\"><p style=\"font-family:ABeeZee; font-weight:400; font-style:normal; font-size: 15px; text-align:center;color: #1a1a1a; line-height: 22px; \" class=\"\">Molimo Vas da svoj dolazak potvrdite do 20.06.2022. godine.<\/p><\/div><div id=\"cata_empty_space_6qzkz\" class=\"cata-empty-space cata-element\" style=\"height: 15px\" ><\/div>\t\t<div id=\"cata_fcontact_t3nmbcmugw\" class=\"cata-contact-form cata-element has-animation text-center\" data-animation-type=\"fadeInUp\" data-animation-duration=\"700\" data-animation-delay=\"0\">\r\n\t    \t\t    \t<div class=\"ctact-from-wrapper\">\r\n\t    \t\t\n<div class=\"wpcf7 no-js\" id=\"wpcf7-f2596-o1\" lang=\"en-US\" dir=\"ltr\" data-wpcf7-id=\"2596\">\n<div class=\"screen-reader-response\"><p role=\"status\" aria-live=\"polite\" aria-atomic=\"true\"><\/p> <ul><\/ul><\/div>\n<form action=\"\/ivona-jan\/wp-json\/wp\/v2\/pages\/5454#wpcf7-f2596-o1\" method=\"post\" class=\"wpcf7-form init\" aria-label=\"Contact form\" novalidate=\"novalidate\" data-status=\"init\">\n<fieldset class=\"hidden-fields-container\"><input type=\"hidden\" name=\"_wpcf7\" value=\"2596\" \/><input type=\"hidden\" name=\"_wpcf7_version\" value=\"6.1.5\" \/><input type=\"hidden\" name=\"_wpcf7_locale\" value=\"en_US\" \/><input type=\"hidden\" name=\"_wpcf7_unit_tag\" value=\"wpcf7-f2596-o1\" \/><input type=\"hidden\" name=\"_wpcf7_container_post\" value=\"0\" \/><input type=\"hidden\" name=\"_wpcf7_posted_data_hash\" value=\"\" \/><input type=\"hidden\" name=\"_wpcf7dtx_version\" value=\"5.0.5\" \/>\n<\/fieldset>\n<div class=\"cata-rsvp-form\">\n\t<div class=\"cata-cols-wrapper cols-2\">\n\t\t<p class=\"col\"><span class=\"wpcf7-form-control-wrap\" data-name=\"first-name\"><input size=\"40\" maxlength=\"400\" class=\"wpcf7-form-control wpcf7-text wpcf7-validates-as-required\" aria-required=\"true\" aria-invalid=\"false\" placeholder=\"Ime\" value=\"\" type=\"text\" name=\"first-name\" \/><\/span>\n\t\t<\/p>\n\t\t<p class=\"col\"><span class=\"wpcf7-form-control-wrap\" data-name=\"last-name\"><input size=\"40\" maxlength=\"400\" class=\"wpcf7-form-control wpcf7-text wpcf7-validates-as-required\" aria-required=\"true\" aria-invalid=\"false\" placeholder=\"Prezime\" value=\"\" type=\"text\" name=\"last-name\" \/><\/span>\n\t\t<\/p>\n\t<\/div>\n\t<div class=\"cata-cols-wrapper cols-2\">\n\t\t<p class=\"col\"><span class=\"wpcf7-form-control-wrap\" data-name=\"number_guests\"><select class=\"wpcf7-form-control wpcf7-select wpcf7-validates-as-required cata-guests-number\" aria-required=\"true\" aria-invalid=\"false\" name=\"number_guests\"><option value=\"\">Broj uzvanika na vjen\u010danju<\/option><option value=\"1\">1<\/option><option value=\"2\">2<\/option><option value=\"3\">3<\/option><option value=\"4\">4<\/option><option value=\"5\">5<\/option><option value=\"6\">6<\/option><option value=\"7\">7<\/option><option value=\"8\">8<\/option><option value=\"9\">9<\/option><option value=\"10\">10<\/option><\/select><\/span>\n\t\t<\/p>\n\t\t<p class=\"col\"><span class=\"wpcf7-form-control-wrap\" data-name=\"accomodation\"><input size=\"40\" maxlength=\"400\" class=\"wpcf7-form-control wpcf7-text wpcf7-validates-as-required\" aria-required=\"true\" aria-invalid=\"false\" placeholder=\"Treba li vam osigurati smje\u0161taj?\" value=\"\" type=\"text\" name=\"accomodation\" \/><\/span>\n\t\t<\/p>\n\t\t<p class=\"col\"><span class=\"wpcf7-form-control-wrap\" data-name=\"guests\"><input size=\"40\" maxlength=\"400\" class=\"wpcf7-form-control wpcf7-text wpcf7-validates-as-required\" aria-required=\"true\" aria-invalid=\"false\" placeholder=\"Broj odraslih osoba za smje\u0161taj\" value=\"\" type=\"text\" name=\"guests\" \/><\/span>\n\t\t<\/p>\n\t\t<p class=\"col\"><span class=\"wpcf7-form-control-wrap\" data-name=\"children\"><input size=\"40\" maxlength=\"400\" class=\"wpcf7-form-control wpcf7-text wpcf7-validates-as-required\" aria-required=\"true\" aria-invalid=\"false\" placeholder=\"Broj djece za smje\u0161taj\" value=\"\" type=\"text\" name=\"children\" \/><\/span>\n\t\t<\/p>\n\t<\/div>\n\t<p><span class=\"wpcf7-form-control-wrap\" data-name=\"your-message\"><textarea cols=\"40\" rows=\"10\" maxlength=\"2000\" class=\"wpcf7-form-control wpcf7-textarea wpcf7-validates-as-required\" aria-required=\"true\" aria-invalid=\"false\" placeholder=\"Va\u0161a poruka, info o posebnoj prehrani, \u017eelja ili pozdrav :)\" name=\"your-message\"><\/textarea><\/span>\n\t<\/p>\n\t<p class=\"wrap-submit text-center\"><input class=\"wpcf7-form-control wpcf7-submit has-spinner\" type=\"submit\" value=\"POTVRDI\" \/>\n\t<\/p>\n<\/div><div class=\"wpcf7-response-output\" aria-hidden=\"true\"><\/div>\n<\/form>\n<\/div>\n\t    \t<\/div> \r\n\t    <\/div>\r\n\t    <div id=\"cata_custom_heading_efx5gm87vg\" class=\"cata-custom-heading cata-element  vc_custom_1652435363074 has-animation\" data-animation-type=\"slideInUp\" data-animation-duration=\"700\" data-animation-delay=\"0\"><h2 style=\"font-family:ABeeZee; font-weight:400; font-style:normal; font-size: 25px; text-align:center;color: #1a1a1a; line-height: 42px; \" class=\"\">Veselimo se Va\u0161em dolasku! \u2764<\/h2><\/div><\/div><\/div><\/div><\/section><\/div><section class=\"cata-section cata-section-container-stretch\" id=\"section_y4fady9amj\" style=\"\" ><div class=\"cata-container\"><div class=\"cata-row cata-columns-gap-30\"><div class=\"cata-column wpb_column vc_column_container text-left  col-xs-mobile-fullwidth col-sm-12\"  id=\"column_cicq3i431g\" style=\"\"><div class=\"cata-column-wrapper vc-column-innner-wrapper\" style=\"\"><div id=\"cata_autotyping_text_fogitp1na4\" class=\"cata-autotyping-text cata-element \" data-params='{\"strings\":[\"pozivnice.prestigeline.hr \\\/ love4.wedding \\\/ prestigeline.hr\"],\"contentType\":\"html\",\"typeSpeed\":100,\"backSpeed\":50,\"startDelay\":1200,\"backDelay\":500,\"loop\":true,\"loopCount\":1,\"showCursor\":true,\"cursorChar\":\"_\"}'  style=\"font-family:Actor; font-weight:400; font-style:normal; font-size: 15px; text-align:center;color: #b68187; line-height: 20px; \"> <span class=\"content-auto-typing\"><\/span> <\/div><\/div><\/div><\/div><\/div><\/section>\n","protected":false},"excerpt":{"rendered":"Ivona &amp; JanPozivamo Vas da budete dio na\u0161eg velikog dana 02.07.2022. i da zajedno s nama proslavite po\u010detak na\u0161e bra\u010dne pustolovine. [vc_tta_tabs main_style=\"style-icon\" alignment=\"center\" active_section=\"1\"][vc_tta_section i_icon_ti=\"flaticon-curtains\" add_icon=\"true\" title=\"Okupljanje\" tab_id=\"1510327704306-24464598-cadf\"]Okupljanje 14:00 h Okupljanje kod mlado\u017eenje ( [...]","protected":false},"author":1,"featured_media":0,"parent":0,"menu_order":0,"comment_status":"closed","ping_status":"closed","template":"","meta":{"_monsterinsights_skip_tracking":false,"_monsterinsights_sitenote_active":false,"_monsterinsights_sitenote_note":"","_monsterinsights_sitenote_category":0,"footnotes":""},"class_list":["post-5454","page","type-page","status-publish","hentry"],"yoast_head":"<!-- This site is optimized with the Yoast SEO plugin v27.5 - https:\/\/yoast.com\/product\/yoast-seo-wordpress\/ -->\n<title>Ivona i Jan - Pozivnica za vjen\u010danje<\/title>\n<meta name=\"robots\" content=\"index, follow, max-snippet:-1, max-image-preview:large, max-video-preview:-1\" \/>\n<link rel=\"canonical\" href=\"https:\/\/pozivnice.prestigeline.hr\/ivona-jan\/\" \/>\n<meta property=\"og:locale\" content=\"en_US\" \/>\n<meta property=\"og:type\" content=\"article\" \/>\n<meta property=\"og:title\" content=\"Ivona i Jan - Pozivnica za vjen\u010danje\" \/>\n<meta property=\"og:url\" content=\"https:\/\/pozivnice.prestigeline.hr\/ivona-jan\/\" \/>\n<meta property=\"og:site_name\" content=\"Pozivnica za vjen\u010danje\" \/>\n<meta property=\"article:modified_time\" content=\"2022-05-13T09:55:09+00:00\" \/>\n<meta property=\"og:image\" content=\"https:\/\/pozivnice.prestigeline.hr\/ivona-jan\/wp-content\/uploads\/sites\/144\/2022\/05\/DSC09863-scaled.jpg\" \/>\n\t<meta property=\"og:image:width\" content=\"2560\" \/>\n\t<meta property=\"og:image:height\" content=\"1707\" \/>\n\t<meta property=\"og:image:type\" content=\"image\/jpeg\" \/>\n<meta name=\"twitter:card\" content=\"summary_large_image\" \/>\n<meta name=\"twitter:label1\" content=\"Est. reading time\" \/>\n\t<meta name=\"twitter:data1\" content=\"2 minutes\" \/>\n<script type=\"application\/ld+json\" class=\"yoast-schema-graph\">{\"@context\":\"https:\\\/\\\/schema.org\",\"@graph\":[{\"@type\":\"WebPage\",\"@id\":\"https:\\\/\\\/pozivnice.prestigeline.hr\\\/ivona-jan\\\/\",\"url\":\"https:\\\/\\\/pozivnice.prestigeline.hr\\\/ivona-jan\\\/\",\"name\":\"Ivona i Jan - Pozivnica za vjen\u010danje\",\"isPartOf\":{\"@id\":\"https:\\\/\\\/pozivnice.prestigeline.hr\\\/ivona-jan\\\/#website\"},\"datePublished\":\"2017-11-17T15:18:19+00:00\",\"dateModified\":\"2022-05-13T09:55:09+00:00\",\"breadcrumb\":{\"@id\":\"https:\\\/\\\/pozivnice.prestigeline.hr\\\/ivona-jan\\\/#breadcrumb\"},\"inLanguage\":\"en-US\",\"potentialAction\":[{\"@type\":\"ReadAction\",\"target\":[\"https:\\\/\\\/pozivnice.prestigeline.hr\\\/ivona-jan\\\/\"]}]},{\"@type\":\"BreadcrumbList\",\"@id\":\"https:\\\/\\\/pozivnice.prestigeline.hr\\\/ivona-jan\\\/#breadcrumb\",\"itemListElement\":[{\"@type\":\"ListItem\",\"position\":1,\"name\":\"Home\",\"item\":\"https:\\\/\\\/pozivnice.prestigeline.hr\\\/ivona-jan\\\/\"},{\"@type\":\"ListItem\",\"position\":2,\"name\":\"Ivona i Jan\"}]},{\"@type\":\"WebSite\",\"@id\":\"https:\\\/\\\/pozivnice.prestigeline.hr\\\/ivona-jan\\\/#website\",\"url\":\"https:\\\/\\\/pozivnice.prestigeline.hr\\\/ivona-jan\\\/\",\"name\":\"Pozivnica za vjen\u010danje\",\"description\":\"Ivona i Jan\",\"potentialAction\":[{\"@type\":\"SearchAction\",\"target\":{\"@type\":\"EntryPoint\",\"urlTemplate\":\"https:\\\/\\\/pozivnice.prestigeline.hr\\\/ivona-jan\\\/?s={search_term_string}\"},\"query-input\":{\"@type\":\"PropertyValueSpecification\",\"valueRequired\":true,\"valueName\":\"search_term_string\"}}],\"inLanguage\":\"en-US\"}]}<\/script>\n<!-- \/ Yoast SEO plugin. -->","yoast_head_json":{"title":"Ivona i Jan - Pozivnica za vjen\u010danje","robots":{"index":"index","follow":"follow","max-snippet":"max-snippet:-1","max-image-preview":"max-image-preview:large","max-video-preview":"max-video-preview:-1"},"canonical":"https:\/\/pozivnice.prestigeline.hr\/ivona-jan\/","og_locale":"en_US","og_type":"article","og_title":"Ivona i Jan - Pozivnica za vjen\u010danje","og_url":"https:\/\/pozivnice.prestigeline.hr\/ivona-jan\/","og_site_name":"Pozivnica za vjen\u010danje","article_modified_time":"2022-05-13T09:55:09+00:00","og_image":[{"width":2560,"height":1707,"url":"https:\/\/pozivnice.prestigeline.hr\/ivona-jan\/wp-content\/uploads\/sites\/144\/2022\/05\/DSC09863-scaled.jpg","type":"image\/jpeg"}],"twitter_card":"summary_large_image","twitter_misc":{"Est. reading time":"2 minutes"},"schema":{"@context":"https:\/\/schema.org","@graph":[{"@type":"WebPage","@id":"https:\/\/pozivnice.prestigeline.hr\/ivona-jan\/","url":"https:\/\/pozivnice.prestigeline.hr\/ivona-jan\/","name":"Ivona i Jan - Pozivnica za vjen\u010danje","isPartOf":{"@id":"https:\/\/pozivnice.prestigeline.hr\/ivona-jan\/#website"},"datePublished":"2017-11-17T15:18:19+00:00","dateModified":"2022-05-13T09:55:09+00:00","breadcrumb":{"@id":"https:\/\/pozivnice.prestigeline.hr\/ivona-jan\/#breadcrumb"},"inLanguage":"en-US","potentialAction":[{"@type":"ReadAction","target":["https:\/\/pozivnice.prestigeline.hr\/ivona-jan\/"]}]},{"@type":"BreadcrumbList","@id":"https:\/\/pozivnice.prestigeline.hr\/ivona-jan\/#breadcrumb","itemListElement":[{"@type":"ListItem","position":1,"name":"Home","item":"https:\/\/pozivnice.prestigeline.hr\/ivona-jan\/"},{"@type":"ListItem","position":2,"name":"Ivona i Jan"}]},{"@type":"WebSite","@id":"https:\/\/pozivnice.prestigeline.hr\/ivona-jan\/#website","url":"https:\/\/pozivnice.prestigeline.hr\/ivona-jan\/","name":"Pozivnica za vjen\u010danje","description":"Ivona i Jan","potentialAction":[{"@type":"SearchAction","target":{"@type":"EntryPoint","urlTemplate":"https:\/\/pozivnice.prestigeline.hr\/ivona-jan\/?s={search_term_string}"},"query-input":{"@type":"PropertyValueSpecification","valueRequired":true,"valueName":"search_term_string"}}],"inLanguage":"en-US"}]}},"_links":{"self":[{"href":"https:\/\/pozivnice.prestigeline.hr\/ivona-jan\/wp-json\/wp\/v2\/pages\/5454","targetHints":{"allow":["GET"]}}],"collection":[{"href":"https:\/\/pozivnice.prestigeline.hr\/ivona-jan\/wp-json\/wp\/v2\/pages"}],"about":[{"href":"https:\/\/pozivnice.prestigeline.hr\/ivona-jan\/wp-json\/wp\/v2\/types\/page"}],"author":[{"embeddable":true,"href":"https:\/\/pozivnice.prestigeline.hr\/ivona-jan\/wp-json\/wp\/v2\/users\/1"}],"replies":[{"embeddable":true,"href":"https:\/\/pozivnice.prestigeline.hr\/ivona-jan\/wp-json\/wp\/v2\/comments?post=5454"}],"version-history":[{"count":29,"href":"https:\/\/pozivnice.prestigeline.hr\/ivona-jan\/wp-json\/wp\/v2\/pages\/5454\/revisions"}],"predecessor-version":[{"id":5852,"href":"https:\/\/pozivnice.prestigeline.hr\/ivona-jan\/wp-json\/wp\/v2\/pages\/5454\/revisions\/5852"}],"wp:attachment":[{"href":"https:\/\/pozivnice.prestigeline.hr\/ivona-jan\/wp-json\/wp\/v2\/media?parent=5454"}],"curies":[{"name":"wp","href":"https:\/\/api.w.org\/{rel}","templated":true}]}}